{"id":24,"date":"2024-07-25T12:49:22","date_gmt":"2024-07-25T10:49:22","guid":{"rendered":"https:\/\/novalife.fr\/?page_id=24"},"modified":"2024-07-31T16:24:15","modified_gmt":"2024-07-31T14:24:15","slug":"consultant-en-communication","status":"publish","type":"page","link":"https:\/\/novalife.fr\/index.php\/consultant-en-communication\/","title":{"rendered":"Consultante en communication"},"content":{"rendered":"\n<p>La communication \u00e9tant un atout majeur pour le d\u00e9veloppement d&rsquo;une entreprise, et qui est souvent sous estimer, je vous accompagne sur toute la strat\u00e9gie de communication aussi bien interne qu&rsquo;externe :<\/p>\n\n\n\n<p>1. Strat\u00e9gie de communication :  vous d\u00e9sirez d\u00e9velopper une strat\u00e9gie de communication globale align\u00e9e sur vos objectifs d&rsquo;entreprise. Cela peut inclure l&rsquo;identification de votre public cible, le choix des canaux de communication appropri\u00e9s et la d\u00e9finition des messages cl\u00e9s.<\/p>\n\n\n\n<p>2. Relations publiques :  vous voulez renforcer votre pr\u00e9sence m\u00e9diatique et g\u00e9rer vos relations avec les m\u00e9dias en \u00e9laborant des communiqu\u00e9s de presse, en organisant des \u00e9v\u00e9nements m\u00e9diatiques et en facilitant les interviews et les articles.<\/p>\n\n\n\n<p>3. Communication interne : vous d\u00e9sirez des solutions pour am\u00e9liorer la communication au sein de votre entreprise, notamment la cr\u00e9ation de newsletters internes, l&rsquo;organisation de r\u00e9unions et d&rsquo;\u00e9v\u00e9nements d&rsquo;entreprise, et la mise en place de plateformes de communication en ligne.<\/p>\n\n\n\n<p>4. Communication digitale : Nous vous accompagnons dans la gestion de votre pr\u00e9sence en ligne, y compris la cr\u00e9ation et la gestion de vos profils sur les r\u00e9seaux sociaux, le d\u00e9veloppement de contenu pour votre site web et votre blog, et la mise en place de campagnes de marketing digital.<\/p>\n\n\n\n<p>5. Atelier en communication : Avec des ateliers, vous pouvez am\u00e9liorer les comp\u00e9tences en communication de vos employ\u00e9s, qu&rsquo;il s&rsquo;agisse de communication \u00e9crite, orale, interpersonnelle ou digitale sur des temps choisis.<\/p>\n\n\n\n<p>6. Gestion de crise : A tout moment vous pouvez entreprendre une gestion des crises de communication en \u00e9laborant des plans d&rsquo;urgence, en formant vos \u00e9quipes \u00e0 la gestion de crise et en fournissant un soutien strat\u00e9gique lors de situations d\u00e9licates.<\/p>\n\n\n\n<p>7. \u00c9v\u00e9nementiel : vous avez envie d&rsquo;un temps fort personnalis\u00e9, alors l&rsquo;organisation d&rsquo;\u00e9v\u00e9nements d&rsquo;entreprise, de conf\u00e9rences, de salons professionnels et d&rsquo;autres initiatives est l&rsquo;\u00e9l\u00e9ment principal pour promouvoir votre marque et renforcer vos relations avec vos parties prenantes.<\/p>\n\n\n\n<p>Quel que soit votre besoin en mati\u00e8re de communication, nous pouvons ensemble trouver des solutions adapt\u00e9s \u00e0 votre structure et \u00e0 vos probl\u00e9matiques. <\/p>\n","protected":false},"excerpt":{"rendered":"<p>La communication \u00e9tant un atout majeur pour le d\u00e9veloppement d&rsquo;une entreprise, et qui est souvent sous estimer, je vous accompagne sur toute la strat\u00e9gie de communication aussi bien interne qu&rsquo;externe : 1. Strat\u00e9gie de communication : vous d\u00e9sirez d\u00e9velopper une strat\u00e9gie de communication globale align\u00e9e sur vos objectifs d&rsquo;entreprise. Cela peut inclure l&rsquo;identification de votre &hellip; <\/p>\n<p class=\"link-more\"><a href=\"https:\/\/novalife.fr\/index.php\/consultant-en-communication\/\" class=\"more-link\">Continuer la lecture<span class=\"screen-reader-text\"> de &laquo;&nbsp;Consultante en communication&nbsp;&raquo;<\/span><\/a><\/p>\n","protected":false},"author":1,"featured_media":0,"parent":0,"menu_order":0,"comment_status":"closed","ping_status":"closed","template":"","meta":{"footnotes":""},"class_list":["post-24","page","type-page","status-publish","hentry"],"_links":{"self":[{"href":"https:\/\/novalife.fr\/index.php\/wp-json\/wp\/v2\/pages\/24","targetHints":{"allow":["GET"]}}],"collection":[{"href":"https:\/\/novalife.fr\/index.php\/wp-json\/wp\/v2\/pages"}],"about":[{"href":"https:\/\/novalife.fr\/index.php\/wp-json\/wp\/v2\/types\/page"}],"author":[{"embeddable":true,"href":"https:\/\/novalife.fr\/index.php\/wp-json\/wp\/v2\/users\/1"}],"replies":[{"embeddable":true,"href":"https:\/\/novalife.fr\/index.php\/wp-json\/wp\/v2\/comments?post=24"}],"version-history":[{"count":3,"href":"https:\/\/novalife.fr\/index.php\/wp-json\/wp\/v2\/pages\/24\/revisions"}],"predecessor-version":[{"id":62,"href":"https:\/\/novalife.fr\/index.php\/wp-json\/wp\/v2\/pages\/24\/revisions\/62"}],"wp:attachment":[{"href":"https:\/\/novalife.fr\/index.php\/wp-json\/wp\/v2\/media?parent=24"}],"curies":[{"name":"wp","href":"https:\/\/api.w.org\/{rel}","templated":true}]}}