{"id":20,"date":"2024-07-25T12:10:23","date_gmt":"2024-07-25T10:10:23","guid":{"rendered":"https:\/\/novalife.fr\/?page_id=20"},"modified":"2024-07-31T17:16:10","modified_gmt":"2024-07-31T15:16:10","slug":"consultant-management","status":"publish","type":"page","link":"https:\/\/novalife.fr\/index.php\/consultant-management\/","title":{"rendered":"Consultante en management"},"content":{"rendered":"\n<p>Voici un aper\u00e7u des diff\u00e9rents types d&rsquo;accompagnement que vous pouvez b\u00e9n\u00e9ficier dans le domaine du management :<\/p>\n\n\n\n<p>1. Coaching individuel pour les managers : vous pouvez offrir des s\u00e9ances de coaching individuel pour vos managers afin de les aider \u00e0 d\u00e9velopper leurs comp\u00e9tences en leadership, \u00e0 renforcer leur efficacit\u00e9 manag\u00e9riale et \u00e0 r\u00e9soudre les d\u00e9fis sp\u00e9cifiques auxquels ils sont confront\u00e9s.<\/p>\n\n\n\n<p>2. Ateliers en leadership et en gestion d&rsquo;\u00e9quipe : vous choisirez des programmes d&rsquo;ateliers pour les managers afin de les aider \u00e0 acqu\u00e9rir les comp\u00e9tences n\u00e9cessaires pour diriger et motiver leur \u00e9quipe, g\u00e9rer les conflits, prendre des d\u00e9cisions strat\u00e9giques et encourager l&rsquo;innovation.<\/p>\n\n\n\n<p>3. D\u00e9veloppement du leadership interm\u00e9diaire : du collaborateur au manager interm\u00e9diaire, vous pourrez les aider \u00e0 passer du r\u00f4le, \u00e0 d\u00e9velopper leur capacit\u00e9 \u00e0 g\u00e9rer efficacement les \u00e9quipes et \u00e0 contribuer au succ\u00e8s global de l&rsquo;entreprise.<\/p>\n\n\n\n<p>4. \u00c9valuation et feedback 360 degr\u00e9s : vous pourrez obtenir des \u00e9valuations de comp\u00e9tences et des feedbacks \u00e0 360 degr\u00e9s pour les managers afin de les aider \u00e0 identifier leurs points forts et leurs domaines d&rsquo;am\u00e9lioration, ainsi que des plans d&rsquo;action pour renforcer leurs comp\u00e9tences en management.<\/p>\n\n\n\n<p>5. Gestion du changement et du conflit : vous saurez optimiser efficacement le changement organisationnel et  r\u00e9soudre les conflits au sein de votre \u00e9quipe en leur fournissant des outils et des strat\u00e9gies de gestion du changement et de r\u00e9solution de conflits.<\/p>\n\n\n\n<p>Quel que soit votre niveau d&rsquo;exp\u00e9rience ou vos d\u00e9fis sp\u00e9cifiques, nous sommes l\u00e0 pour aider les managers \u00e0 d\u00e9velopper leurs comp\u00e9tences, \u00e0 renforcer leur leadership et \u00e0 r\u00e9ussir dans leur r\u00f4le de gestionnaire.\u00a0<\/p>\n","protected":false},"excerpt":{"rendered":"<p>Voici un aper\u00e7u des diff\u00e9rents types d&rsquo;accompagnement que vous pouvez b\u00e9n\u00e9ficier dans le domaine du management : 1. Coaching individuel pour les managers : vous pouvez offrir des s\u00e9ances de coaching individuel pour vos managers afin de les aider \u00e0 d\u00e9velopper leurs comp\u00e9tences en leadership, \u00e0 renforcer leur efficacit\u00e9 manag\u00e9riale et \u00e0 r\u00e9soudre les d\u00e9fis &hellip; <\/p>\n<p class=\"link-more\"><a href=\"https:\/\/novalife.fr\/index.php\/consultant-management\/\" class=\"more-link\">Continuer la lecture<span class=\"screen-reader-text\"> de &laquo;&nbsp;Consultante en management&nbsp;&raquo;<\/span><\/a><\/p>\n","protected":false},"author":1,"featured_media":0,"parent":0,"menu_order":0,"comment_status":"closed","ping_status":"closed","template":"","meta":{"footnotes":""},"class_list":["post-20","page","type-page","status-publish","hentry"],"_links":{"self":[{"href":"https:\/\/novalife.fr\/index.php\/wp-json\/wp\/v2\/pages\/20","targetHints":{"allow":["GET"]}}],"collection":[{"href":"https:\/\/novalife.fr\/index.php\/wp-json\/wp\/v2\/pages"}],"about":[{"href":"https:\/\/novalife.fr\/index.php\/wp-json\/wp\/v2\/types\/page"}],"author":[{"embeddable":true,"href":"https:\/\/novalife.fr\/index.php\/wp-json\/wp\/v2\/users\/1"}],"replies":[{"embeddable":true,"href":"https:\/\/novalife.fr\/index.php\/wp-json\/wp\/v2\/comments?post=20"}],"version-history":[{"count":3,"href":"https:\/\/novalife.fr\/index.php\/wp-json\/wp\/v2\/pages\/20\/revisions"}],"predecessor-version":[{"id":71,"href":"https:\/\/novalife.fr\/index.php\/wp-json\/wp\/v2\/pages\/20\/revisions\/71"}],"wp:attachment":[{"href":"https:\/\/novalife.fr\/index.php\/wp-json\/wp\/v2\/media?parent=20"}],"curies":[{"name":"wp","href":"https:\/\/api.w.org\/{rel}","templated":true}]}}