{"id":2,"date":"2023-12-22T21:39:28","date_gmt":"2023-12-22T20:39:28","guid":{"rendered":"http:\/\/novalife.fr\/?page_id=2"},"modified":"2024-07-31T16:35:06","modified_gmt":"2024-07-31T14:35:06","slug":"page-d-exemple","status":"publish","type":"page","link":"https:\/\/novalife.fr\/index.php\/page-d-exemple\/","title":{"rendered":"Conseill\u00e8re individuelle, de couple et familiale"},"content":{"rendered":"\n<p>Je suis l\u00e0 pour vous accompagner dans votre parcours vers le bien-\u00eatre personnel et relationnel. D\u00e9couvrez les diff\u00e9rentes m\u00e9thodes que je propose pour vous aider :<\/p>\n\n\n\n<p>1. Th\u00e9rapie individuelle : Si vous rencontrez des d\u00e9fis personnels tels que l&rsquo;anxi\u00e9t\u00e9, la d\u00e9pression, le stress ou des transitions de vie difficiles, je vous offre un espace s\u00e9curis\u00e9 pour explorer vos \u00e9motions, identifier vos objectifs et d\u00e9velopper des strat\u00e9gies pour surmonter les obstacles.<\/p>\n\n\n\n<p>2. Th\u00e9rapie de couple : Si vous traversez des difficult\u00e9s relationnelles avec votre partenaire, je vous accompagne dans la communication, la r\u00e9solution de conflits, la reconstruction de la confiance et le renforcement des liens affectifs pour retrouver l&rsquo;harmonie dans votre relation.<\/p>\n\n\n\n<p>3. Th\u00e9rapie familiale : Si votre famille rencontre des tensions, des conflits ou des transitions importantes, je vous aide \u00e0 renforcer les liens familiaux, \u00e0 am\u00e9liorer la communication et \u00e0 d\u00e9velopper des strat\u00e9gies pour r\u00e9soudre les probl\u00e8mes ensemble.<\/p>\n\n\n\n<p>4. Approches th\u00e9rapeutiques vari\u00e9es : vous pourrez avancer avec  diff\u00e9rentes m\u00e9thodes th\u00e9rapeutiques telles que la th\u00e9rapie cognitivo-comportementale (TCC), la th\u00e9rapie syst\u00e9mique, la th\u00e9rapie narrative et la th\u00e9rapie de pleine conscience pour r\u00e9pondre \u00e0 vos besoins sp\u00e9cifiques et vous offrir un accompagnement personnalis\u00e9.<\/p>\n\n\n\n<p>5. Coaching personnel et relationnel : En plus de la th\u00e9rapie, je propose \u00e9galement du coaching pour vous aider \u00e0 d\u00e9finir et \u00e0 atteindre vos objectifs personnels et relationnels, \u00e0 renforcer vos comp\u00e9tences en communication et en gestion des \u00e9motions, et \u00e0 trouver un \u00e9quilibre entre vie professionnelle et personnelle.<\/p>\n\n\n\n<p>Quel que soit la probl\u00e9matique auquel vous \u00eates confront\u00e9, je suis l\u00e0 pour vous soutenir avec compassion, empathie et expertise. Contactez-moi d\u00e8s aujourd&rsquo;hui pour commencer votre voyage vers le bien-\u00eatre et l&rsquo;\u00e9panouissement personnel et relationnel.\u00a0<\/p>\n\n\n\n<p><\/p>\n","protected":false},"excerpt":{"rendered":"<p>Je suis l\u00e0 pour vous accompagner dans votre parcours vers le bien-\u00eatre personnel et relationnel. D\u00e9couvrez les diff\u00e9rentes m\u00e9thodes que je propose pour vous aider : 1. Th\u00e9rapie individuelle : Si vous rencontrez des d\u00e9fis personnels tels que l&rsquo;anxi\u00e9t\u00e9, la d\u00e9pression, le stress ou des transitions de vie difficiles, je vous offre un espace s\u00e9curis\u00e9 &hellip; <\/p>\n<p class=\"link-more\"><a href=\"https:\/\/novalife.fr\/index.php\/page-d-exemple\/\" class=\"more-link\">Continuer la lecture<span class=\"screen-reader-text\"> de &laquo;&nbsp;Conseill\u00e8re individuelle, de couple et familiale&nbsp;&raquo;<\/span><\/a><\/p>\n","protected":false},"author":1,"featured_media":0,"parent":0,"menu_order":0,"comment_status":"closed","ping_status":"open","template":"","meta":{"footnotes":""},"class_list":["post-2","page","type-page","status-publish","hentry"],"_links":{"self":[{"href":"https:\/\/novalife.fr\/index.php\/wp-json\/wp\/v2\/pages\/2","targetHints":{"allow":["GET"]}}],"collection":[{"href":"https:\/\/novalife.fr\/index.php\/wp-json\/wp\/v2\/pages"}],"about":[{"href":"https:\/\/novalife.fr\/index.php\/wp-json\/wp\/v2\/types\/page"}],"author":[{"embeddable":true,"href":"https:\/\/novalife.fr\/index.php\/wp-json\/wp\/v2\/users\/1"}],"replies":[{"embeddable":true,"href":"https:\/\/novalife.fr\/index.php\/wp-json\/wp\/v2\/comments?post=2"}],"version-history":[{"count":3,"href":"https:\/\/novalife.fr\/index.php\/wp-json\/wp\/v2\/pages\/2\/revisions"}],"predecessor-version":[{"id":64,"href":"https:\/\/novalife.fr\/index.php\/wp-json\/wp\/v2\/pages\/2\/revisions\/64"}],"wp:attachment":[{"href":"https:\/\/novalife.fr\/index.php\/wp-json\/wp\/v2\/media?parent=2"}],"curies":[{"name":"wp","href":"https:\/\/api.w.org\/{rel}","templated":true}]}}