{"id":18,"date":"2024-07-25T11:46:11","date_gmt":"2024-07-25T09:46:11","guid":{"rendered":"https:\/\/novalife.fr\/?page_id=18"},"modified":"2024-07-31T17:05:45","modified_gmt":"2024-07-31T15:05:45","slug":"consultant-en-ressources-humaines","status":"publish","type":"page","link":"https:\/\/novalife.fr\/index.php\/consultant-en-ressources-humaines\/","title":{"rendered":"Consultante en Ressources Humaines"},"content":{"rendered":"\n<p>Vous pourrez choisir diff\u00e9rents types d&rsquo;accompagnement que nous proposons dans le domaine des ressources humaines selon vos besoins :<\/p>\n\n\n\n<p>1. Recrutement et s\u00e9lection : vous devez d\u00e9finir vos besoins en personnel,  r\u00e9diger des offres d&#8217;emploi attractives, s\u00e9lectionner les candidats les plus qualifi\u00e9s et mener des entretiens de recrutement efficaces, vous pourrez adapter votre offre selon vos besoins.<\/p>\n\n\n\n<p>2. Atelier et d\u00e9veloppement : vous pouvez d\u00e9dier des ateliers sur mesure pour d\u00e9velopper les comp\u00e9tences de vos employ\u00e9s et les aider \u00e0 atteindre leur plein potentiel. Cela peut inclure des formations techniques, des cours de leadership, des sessions de d\u00e9veloppement personnel, etc.<\/p>\n\n\n\n<p>3. Gestion des talents : vous d\u00e9sirez restructurer votre entreprise en \u00e9tant dans l&rsquo;identification, le d\u00e9veloppement et la r\u00e9tention des talents au sein de votre organisation. Cela comprend la mise en place de programmes de mentorat, de plans de succession et de strat\u00e9gies de reconnaissance.<\/p>\n\n\n\n<p>4. Gestion du changement : votre solution peut aussi \u00eatre la gestion des transitions organisationnelles, telles que les fusions-acquisitions, les restructurations ou les changements de culture d&rsquo;entreprise, en aidant vos employ\u00e9s \u00e0 s&rsquo;adapter au changement et \u00e0 relever de nouveaux d\u00e9fis.<\/p>\n\n\n\n<p>Quel que soit votre besoin en mati\u00e8re de gestion des ressources humaines, vous  serez accompagner avec des solutions sur mesure adapt\u00e9es \u00e0 votre entreprise et \u00e0 votre culture organisationnelle.\u00a0<\/p>\n","protected":false},"excerpt":{"rendered":"<p>Vous pourrez choisir diff\u00e9rents types d&rsquo;accompagnement que nous proposons dans le domaine des ressources humaines selon vos besoins : 1. Recrutement et s\u00e9lection : vous devez d\u00e9finir vos besoins en personnel, r\u00e9diger des offres d&#8217;emploi attractives, s\u00e9lectionner les candidats les plus qualifi\u00e9s et mener des entretiens de recrutement efficaces, vous pourrez adapter votre offre selon &hellip; <\/p>\n<p class=\"link-more\"><a href=\"https:\/\/novalife.fr\/index.php\/consultant-en-ressources-humaines\/\" class=\"more-link\">Continuer la lecture<span class=\"screen-reader-text\"> de &laquo;&nbsp;Consultante en Ressources Humaines&nbsp;&raquo;<\/span><\/a><\/p>\n","protected":false},"author":1,"featured_media":0,"parent":0,"menu_order":0,"comment_status":"closed","ping_status":"closed","template":"","meta":{"footnotes":""},"class_list":["post-18","page","type-page","status-publish","hentry"],"_links":{"self":[{"href":"https:\/\/novalife.fr\/index.php\/wp-json\/wp\/v2\/pages\/18","targetHints":{"allow":["GET"]}}],"collection":[{"href":"https:\/\/novalife.fr\/index.php\/wp-json\/wp\/v2\/pages"}],"about":[{"href":"https:\/\/novalife.fr\/index.php\/wp-json\/wp\/v2\/types\/page"}],"author":[{"embeddable":true,"href":"https:\/\/novalife.fr\/index.php\/wp-json\/wp\/v2\/users\/1"}],"replies":[{"embeddable":true,"href":"https:\/\/novalife.fr\/index.php\/wp-json\/wp\/v2\/comments?post=18"}],"version-history":[{"count":3,"href":"https:\/\/novalife.fr\/index.php\/wp-json\/wp\/v2\/pages\/18\/revisions"}],"predecessor-version":[{"id":69,"href":"https:\/\/novalife.fr\/index.php\/wp-json\/wp\/v2\/pages\/18\/revisions\/69"}],"wp:attachment":[{"href":"https:\/\/novalife.fr\/index.php\/wp-json\/wp\/v2\/media?parent=18"}],"curies":[{"name":"wp","href":"https:\/\/api.w.org\/{rel}","templated":true}]}}